{"id":1211,"date":"2024-11-06T14:55:57","date_gmt":"2024-11-06T19:55:57","guid":{"rendered":"https:\/\/jaimarstore.com\/?post_type=product&#038;p=1211"},"modified":"2024-11-18T08:04:38","modified_gmt":"2024-11-18T13:04:38","slug":"portalazo-corona-2-ranuras","status":"publish","type":"product","link":"https:\/\/jaimarstore.com\/?product=portalazo-corona-2-ranuras","title":{"rendered":"Portalazo Corona 2 Ranuras"},"content":{"rendered":"<ul data-sourcepos=\"11:1-14:0\">\n<li data-sourcepos=\"13:1-14:0\">\u00a1Haz que su cuarto sea un reino de princesas! Nuestro portalazo de acr\u00edlico en forma de corona es el accesorio perfecto para ni\u00f1as amantes de los lazos. Con este portalazo, podr\u00e1n mantener sus lazos organizados y siempre a mano. Gracias a su dise\u00f1o vers\u00e1til, puedes elegir el color que m\u00e1s les guste y personalizarlo con su nombre, creando un objeto \u00fanico y especial. \u00a1Un regalo que les encantar\u00e1!<\/li>\n<\/ul>\n<p data-sourcepos=\"15:1-15:52\"><strong>Consideraciones adicionales para tu descripci\u00f3n:<\/strong><\/p>\n<ul data-sourcepos=\"17:1-21:0\">\n<li data-sourcepos=\"17:1-17:113\"><strong>P\u00fablico objetivo:<\/strong> Adapta el lenguaje y los detalles a la edad de las ni\u00f1as y a los intereses de sus padres.<\/li>\n<li data-sourcepos=\"18:1-18:161\"><strong>Beneficios:<\/strong> Enfatiza los beneficios pr\u00e1cticos del producto (organizaci\u00f3n, facilidad de uso) y los beneficios est\u00e9ticos (personalizaci\u00f3n, dise\u00f1o atractivo).<\/li>\n<li data-sourcepos=\"19:1-19:123\"><strong>Caracter\u00edsticas:<\/strong> Destaca las caracter\u00edsticas principales del producto (material, tama\u00f1o, capacidad, personalizaci\u00f3n).<\/li>\n<li data-sourcepos=\"20:1-21:0\"><strong>Llamada a la acci\u00f3n:<\/strong> Invita a los clientes a comprar el producto, por ejemplo: &#8220;\u00a1Ordene el suyo hoy y organice los lazos de sus ni\u00f1as con estilo!&#8221;<\/li>\n<\/ul>\n","protected":false},"excerpt":{"rendered":"<p>\u00a1Un toque m\u00e1gico para su cuarto! Portalazo de acr\u00edlico con forma de corona, ideal para guardar lazos y personalizar con el nombre.<\/p>\n","protected":false},"featured_media":1212,"comment_status":"open","ping_status":"closed","template":"","meta":{"site-sidebar-layout":"default","site-content-layout":"","ast-site-content-layout":"default","site-content-style":"default","site-sidebar-style":"default","ast-global-header-display":"","ast-banner-title-visibility":"","ast-main-header-display":"","ast-hfb-above-header-display":"","ast-hfb-below-header-display":"","ast-hfb-mobile-header-display":"","site-post-title":"","ast-breadcrumbs-content":"","ast-featured-img":"","footer-sml-layout":"","ast-disable-related-posts":"","theme-transparent-header-meta":"","adv-header-id-meta":"","stick-header-meta":"","header-above-stick-meta":"","header-main-stick-meta":"","header-below-stick-meta":"","astra-migrate-meta-layouts":"default","ast-page-background-enabled":"default","ast-page-background-meta":{"desktop":{"background-color":"var(--ast-global-color-5)","background-image":"","background-repeat":"repeat","background-position":"center center","background-size":"auto","background-attachment":"scroll","background-type":"","background-media":"","overlay-type":"","overlay-color":"","overlay-opacity":"","overlay-gradient":""},"tablet":{"background-color":"","background-image":"","background-repeat":"repeat","background-position":"center center","background-size":"auto","background-attachment":"scroll","background-type":"","background-media":"","overlay-type":"","overlay-color":"","overlay-opacity":"","overlay-gradient":""},"mobile":{"background-color":"","background-image":"","background-repeat":"repeat","background-position":"center center","background-size":"auto","background-attachment":"scroll","background-type":"","background-media":"","overlay-type":"","overlay-color":"","overlay-opacity":"","overlay-gradient":""}},"ast-content-background-meta":{"desktop":{"background-color":"var(--ast-global-color-4)","background-image":"","background-repeat":"repeat","background-position":"center center","background-size":"auto","background-attachment":"scroll","background-type":"","background-media":"","overlay-type":"","overlay-color":"","overlay-opacity":"","overlay-gradient":""},"tablet":{"background-color":"var(--ast-global-color-4)","background-image":"","background-repeat":"repeat","background-position":"center center","background-size":"auto","background-attachment":"scroll","background-type":"","background-media":"","overlay-type":"","overlay-color":"","overlay-opacity":"","overlay-gradient":""},"mobile":{"background-color":"var(--ast-global-color-4)","background-image":"","background-repeat":"repeat","background-position":"center center","background-size":"auto","background-attachment":"scroll","background-type":"","background-media":"","overlay-type":"","overlay-color":"","overlay-opacity":"","overlay-gradient":""}}},"product_brand":[],"product_cat":[16,69],"product_tag":[],"class_list":{"0":"post-1211","1":"product","2":"type-product","3":"status-publish","4":"has-post-thumbnail","6":"product_cat-art-and-design","7":"product_cat-portalazos","8":"desktop-align-center","9":"tablet-align-left","10":"mobile-align-left","12":"first","13":"onbackorder","14":"taxable","15":"shipping-taxable","16":"purchasable","17":"product-type-variable"},"_links":{"self":[{"href":"https:\/\/jaimarstore.com\/index.php?rest_route=\/wp\/v2\/product\/1211","targetHints":{"allow":["GET"]}}],"collection":[{"href":"https:\/\/jaimarstore.com\/index.php?rest_route=\/wp\/v2\/product"}],"about":[{"href":"https:\/\/jaimarstore.com\/index.php?rest_route=\/wp\/v2\/types\/product"}],"replies":[{"embeddable":true,"href":"https:\/\/jaimarstore.com\/index.php?rest_route=%2Fwp%2Fv2%2Fcomments&post=1211"}],"wp:featuredmedia":[{"embeddable":true,"href":"https:\/\/jaimarstore.com\/index.php?rest_route=\/wp\/v2\/media\/1212"}],"wp:attachment":[{"href":"https:\/\/jaimarstore.com\/index.php?rest_route=%2Fwp%2Fv2%2Fmedia&parent=1211"}],"wp:term":[{"taxonomy":"product_brand","embeddable":true,"href":"https:\/\/jaimarstore.com\/index.php?rest_route=%2Fwp%2Fv2%2Fproduct_brand&post=1211"},{"taxonomy":"product_cat","embeddable":true,"href":"https:\/\/jaimarstore.com\/index.php?rest_route=%2Fwp%2Fv2%2Fproduct_cat&post=1211"},{"taxonomy":"product_tag","embeddable":true,"href":"https:\/\/jaimarstore.com\/index.php?rest_route=%2Fwp%2Fv2%2Fproduct_tag&post=1211"}],"curies":[{"name":"wp","href":"https:\/\/api.w.org\/{rel}","templated":true}]}}