{"id":1254,"date":"2024-11-06T21:48:48","date_gmt":"2024-11-07T02:48:48","guid":{"rendered":"https:\/\/jaimarstore.com\/?post_type=product&#038;p=1254"},"modified":"2025-08-27T08:06:47","modified_gmt":"2025-08-27T13:06:47","slug":"plaquita-de-acrilico-en-forma-de-huesito","status":"publish","type":"product","link":"https:\/\/jaimarstore.com\/?product=plaquita-de-acrilico-en-forma-de-huesito","title":{"rendered":"Plaquita de Acrilico en Forma de Huesito"},"content":{"rendered":"<p><strong>\u00a1La plaquita perfecta para tu mejor amigo!&#8221;<\/strong> Nuestra plaquita para mascota en forma de huesito, fabricada en acr\u00edlico de alta calidad, es la manera m\u00e1s divertida y duradera de identificar a tu peludo compa\u00f1ero. Con una amplia gama de colores vibrantes y cuatro tama\u00f1os diferentes, podr\u00e1s encontrar la combinaci\u00f3n perfecta para tu mascota. Personal\u00edzala con el nombre y n\u00famero de tel\u00e9fono de tu mascota para garantizar su r\u00e1pido regreso en caso de p\u00e9rdida. \u00a1Resistente al agua y a los rayos UV, esta plaquita ser\u00e1 el accesorio m\u00e1s cool de tu perro o gato!<\/p>\n","protected":false},"excerpt":{"rendered":"<p>Plaquita para mascota en forma de huesito. Personalizada. Acr\u00edlico. Duradera. Colores vibrantes.<\/p>\n","protected":false},"featured_media":1255,"comment_status":"open","ping_status":"closed","template":"","meta":{"site-sidebar-layout":"default","site-content-layout":"","ast-site-content-layout":"default","site-content-style":"default","site-sidebar-style":"default","ast-global-header-display":"","ast-banner-title-visibility":"","ast-main-header-display":"","ast-hfb-above-header-display":"","ast-hfb-below-header-display":"","ast-hfb-mobile-header-display":"","site-post-title":"","ast-breadcrumbs-content":"","ast-featured-img":"","footer-sml-layout":"","ast-disable-related-posts":"","theme-transparent-header-meta":"","adv-header-id-meta":"","stick-header-meta":"","header-above-stick-meta":"","header-main-stick-meta":"","header-below-stick-meta":"","astra-migrate-meta-layouts":"default","ast-page-background-enabled":"default","ast-page-background-meta":{"desktop":{"background-color":"var(--ast-global-color-5)","background-image":"","background-repeat":"repeat","background-position":"center center","background-size":"auto","background-attachment":"scroll","background-type":"","background-media":"","overlay-type":"","overlay-color":"","overlay-opacity":"","overlay-gradient":""},"tablet":{"background-color":"","background-image":"","background-repeat":"repeat","background-position":"center center","background-size":"auto","background-attachment":"scroll","background-type":"","background-media":"","overlay-type":"","overlay-color":"","overlay-opacity":"","overlay-gradient":""},"mobile":{"background-color":"","background-image":"","background-repeat":"repeat","background-position":"center center","background-size":"auto","background-attachment":"scroll","background-type":"","background-media":"","overlay-type":"","overlay-color":"","overlay-opacity":"","overlay-gradient":""}},"ast-content-background-meta":{"desktop":{"background-color":"var(--ast-global-color-4)","background-image":"","background-repeat":"repeat","background-position":"center center","background-size":"auto","background-attachment":"scroll","background-type":"","background-media":"","overlay-type":"","overlay-color":"","overlay-opacity":"","overlay-gradient":""},"tablet":{"background-color":"var(--ast-global-color-4)","background-image":"","background-repeat":"repeat","background-position":"center center","background-size":"auto","background-attachment":"scroll","background-type":"","background-media":"","overlay-type":"","overlay-color":"","overlay-opacity":"","overlay-gradient":""},"mobile":{"background-color":"var(--ast-global-color-4)","background-image":"","background-repeat":"repeat","background-position":"center center","background-size":"auto","background-attachment":"scroll","background-type":"","background-media":"","overlay-type":"","overlay-color":"","overlay-opacity":"","overlay-gradient":""}}},"product_brand":[],"product_cat":[16,148,153],"product_tag":[],"class_list":{"0":"post-1254","1":"product","2":"type-product","3":"status-publish","4":"has-post-thumbnail","6":"product_cat-art-and-design","7":"product_cat-jewelry-pets","8":"product_cat-plaquitas","9":"desktop-align-center","10":"tablet-align-left","11":"mobile-align-left","13":"first","14":"onbackorder","15":"taxable","16":"shipping-taxable","17":"purchasable","18":"product-type-variable"},"_links":{"self":[{"href":"https:\/\/jaimarstore.com\/index.php?rest_route=\/wp\/v2\/product\/1254","targetHints":{"allow":["GET"]}}],"collection":[{"href":"https:\/\/jaimarstore.com\/index.php?rest_route=\/wp\/v2\/product"}],"about":[{"href":"https:\/\/jaimarstore.com\/index.php?rest_route=\/wp\/v2\/types\/product"}],"replies":[{"embeddable":true,"href":"https:\/\/jaimarstore.com\/index.php?rest_route=%2Fwp%2Fv2%2Fcomments&post=1254"}],"wp:featuredmedia":[{"embeddable":true,"href":"https:\/\/jaimarstore.com\/index.php?rest_route=\/wp\/v2\/media\/1255"}],"wp:attachment":[{"href":"https:\/\/jaimarstore.com\/index.php?rest_route=%2Fwp%2Fv2%2Fmedia&parent=1254"}],"wp:term":[{"taxonomy":"product_brand","embeddable":true,"href":"https:\/\/jaimarstore.com\/index.php?rest_route=%2Fwp%2Fv2%2Fproduct_brand&post=1254"},{"taxonomy":"product_cat","embeddable":true,"href":"https:\/\/jaimarstore.com\/index.php?rest_route=%2Fwp%2Fv2%2Fproduct_cat&post=1254"},{"taxonomy":"product_tag","embeddable":true,"href":"https:\/\/jaimarstore.com\/index.php?rest_route=%2Fwp%2Fv2%2Fproduct_tag&post=1254"}],"curies":[{"name":"wp","href":"https:\/\/api.w.org\/{rel}","templated":true}]}}