{"id":1394,"date":"2024-11-08T18:51:08","date_gmt":"2024-11-08T23:51:08","guid":{"rendered":"https:\/\/jaimarstore.com\/?post_type=product&#038;p=1394"},"modified":"2025-08-27T08:06:47","modified_gmt":"2025-08-27T13:06:47","slug":"recordatorio-mi-primer-diente","status":"publish","type":"product","link":"https:\/\/jaimarstore.com\/?product=recordatorio-mi-primer-diente","title":{"rendered":"Recordatorio Mi Primer Diente"},"content":{"rendered":"<p data-sourcepos=\"6:1-6:61\"><strong>\u00a1Celebra tu primer diente con este adorable recordatorio!<\/strong><\/p>\n<p data-sourcepos=\"8:1-8:353\">Este encantador recordatorio en forma de diente es el regalo perfecto para celebrar el primer diente de tu peque\u00f1o. Hecho de acr\u00edlico blanco de alta calidad, cuenta con una impresi\u00f3n de un diente feliz y sonriente en la parte superior. La base del recordatorio est\u00e1 personalizada con el nombre del beb\u00e9, la fecha de su primer diente y un mensaje bonito.<\/p>\n<p data-sourcepos=\"10:1-10:20\"><strong>Caracter\u00edsticas:<\/strong><\/p>\n<ul data-sourcepos=\"12:1-17:0\">\n<li data-sourcepos=\"12:1-12:42\">Hecho de acr\u00edlico blanco de alta calidad<\/li>\n<li data-sourcepos=\"13:1-13:63\">Impresi\u00f3n de un diente feliz y sonriente en la parte superior<\/li>\n<li data-sourcepos=\"14:1-14:93\">Base personalizada con el nombre del beb\u00e9, la fecha de su primer diente y un mensaje bonito<\/li>\n<li data-sourcepos=\"15:1-15:72\">Tama\u00f1o perfecto para colocar en cualquier escritorio o mesita de noche<\/li>\n<li data-sourcepos=\"16:1-17:0\">Un regalo \u00fanico y memorable para cualquier nuevo padre<\/li>\n<\/ul>\n<p data-sourcepos=\"18:1-18:103\"><strong>\u00a1Haz que este momento especial sea a\u00fan m\u00e1s inolvidable con nuestro recordatorio en forma de diente!<\/strong><\/p>\n<p data-sourcepos=\"20:1-20:107\"><strong>Nota:<\/strong> Tambi\u00e9n puedes personalizar el mensaje en la base del recordatorio para que sea a\u00fan m\u00e1s especial.<\/p>\n","protected":false},"excerpt":{"rendered":"<p data-sourcepos=\"23:1-23:22\"><strong>\u00a1Mi primer diente!<\/strong><\/p>\n<p data-sourcepos=\"25:1-25:175\">Celebra la sonrisa de tu beb\u00e9 con nuestro recordatorio personalizado del primer diente. Un dise\u00f1o adorable y un mensaje especial har\u00e1n de este recuerdo un tesoro inolvidable.<\/p>\n","protected":false},"featured_media":1395,"comment_status":"open","ping_status":"closed","template":"","meta":{"site-sidebar-layout":"default","site-content-layout":"","ast-site-content-layout":"default","site-content-style":"default","site-sidebar-style":"default","ast-global-header-display":"","ast-banner-title-visibility":"","ast-main-header-display":"","ast-hfb-above-header-display":"","ast-hfb-below-header-display":"","ast-hfb-mobile-header-display":"","site-post-title":"","ast-breadcrumbs-content":"","ast-featured-img":"","footer-sml-layout":"","ast-disable-related-posts":"","theme-transparent-header-meta":"","adv-header-id-meta":"","stick-header-meta":"","header-above-stick-meta":"","header-main-stick-meta":"","header-below-stick-meta":"","astra-migrate-meta-layouts":"default","ast-page-background-enabled":"default","ast-page-background-meta":{"desktop":{"background-color":"var(--ast-global-color-5)","background-image":"","background-repeat":"repeat","background-position":"center center","background-size":"auto","background-attachment":"scroll","background-type":"","background-media":"","overlay-type":"","overlay-color":"","overlay-opacity":"","overlay-gradient":""},"tablet":{"background-color":"","background-image":"","background-repeat":"repeat","background-position":"center center","background-size":"auto","background-attachment":"scroll","background-type":"","background-media":"","overlay-type":"","overlay-color":"","overlay-opacity":"","overlay-gradient":""},"mobile":{"background-color":"","background-image":"","background-repeat":"repeat","background-position":"center center","background-size":"auto","background-attachment":"scroll","background-type":"","background-media":"","overlay-type":"","overlay-color":"","overlay-opacity":"","overlay-gradient":""}},"ast-content-background-meta":{"desktop":{"background-color":"var(--ast-global-color-4)","background-image":"","background-repeat":"repeat","background-position":"center center","background-size":"auto","background-attachment":"scroll","background-type":"","background-media":"","overlay-type":"","overlay-color":"","overlay-opacity":"","overlay-gradient":""},"tablet":{"background-color":"var(--ast-global-color-4)","background-image":"","background-repeat":"repeat","background-position":"center center","background-size":"auto","background-attachment":"scroll","background-type":"","background-media":"","overlay-type":"","overlay-color":"","overlay-opacity":"","overlay-gradient":""},"mobile":{"background-color":"var(--ast-global-color-4)","background-image":"","background-repeat":"repeat","background-position":"center center","background-size":"auto","background-attachment":"scroll","background-type":"","background-media":"","overlay-type":"","overlay-color":"","overlay-opacity":"","overlay-gradient":""}}},"product_brand":[],"product_cat":[16,163,17],"product_tag":[],"class_list":{"0":"post-1394","1":"product","2":"type-product","3":"status-publish","4":"has-post-thumbnail","6":"product_cat-art-and-design","7":"product_cat-bebes","8":"product_cat-recordatorios","9":"desktop-align-center","10":"tablet-align-left","11":"mobile-align-left","13":"first","14":"onbackorder","15":"taxable","16":"shipping-taxable","17":"purchasable","18":"product-type-simple"},"_links":{"self":[{"href":"https:\/\/jaimarstore.com\/index.php?rest_route=\/wp\/v2\/product\/1394","targetHints":{"allow":["GET"]}}],"collection":[{"href":"https:\/\/jaimarstore.com\/index.php?rest_route=\/wp\/v2\/product"}],"about":[{"href":"https:\/\/jaimarstore.com\/index.php?rest_route=\/wp\/v2\/types\/product"}],"replies":[{"embeddable":true,"href":"https:\/\/jaimarstore.com\/index.php?rest_route=%2Fwp%2Fv2%2Fcomments&post=1394"}],"wp:featuredmedia":[{"embeddable":true,"href":"https:\/\/jaimarstore.com\/index.php?rest_route=\/wp\/v2\/media\/1395"}],"wp:attachment":[{"href":"https:\/\/jaimarstore.com\/index.php?rest_route=%2Fwp%2Fv2%2Fmedia&parent=1394"}],"wp:term":[{"taxonomy":"product_brand","embeddable":true,"href":"https:\/\/jaimarstore.com\/index.php?rest_route=%2Fwp%2Fv2%2Fproduct_brand&post=1394"},{"taxonomy":"product_cat","embeddable":true,"href":"https:\/\/jaimarstore.com\/index.php?rest_route=%2Fwp%2Fv2%2Fproduct_cat&post=1394"},{"taxonomy":"product_tag","embeddable":true,"href":"https:\/\/jaimarstore.com\/index.php?rest_route=%2Fwp%2Fv2%2Fproduct_tag&post=1394"}],"curies":[{"name":"wp","href":"https:\/\/api.w.org\/{rel}","templated":true}]}}