{"id":1478,"date":"2025-05-07T20:46:43","date_gmt":"2025-05-08T01:46:43","guid":{"rendered":"https:\/\/jaimarstore.com\/?post_type=product&#038;p=1478"},"modified":"2025-08-27T08:06:48","modified_gmt":"2025-08-27T13:06:48","slug":"reconocimiento-de-acrilico-6x4","status":"publish","type":"product","link":"https:\/\/jaimarstore.com\/?product=reconocimiento-de-acrilico-6x4","title":{"rendered":"Reconocimiento de Acrilico 6&#215;4&#8243;"},"content":{"rendered":"<p data-sourcepos=\"11:1-11:334\">Celebra logros y momentos especiales con este elegante y moderno reconocimiento de acr\u00edlico. Fabricado con acr\u00edlico blanco de 3mm de espesor, este reconocimiento presenta un dise\u00f1o distintivo, su parte superior de forma redonda a\u00f1ade un toque de sofisticaci\u00f3n.<\/p>\n<p data-sourcepos=\"13:1-13:246\">La personalizaci\u00f3n es clave con este reconocimiento. Ofrecemos una impresi\u00f3n a color de alta calidad que permite plasmar logotipos, nombres, fechas, mensajes o cualquier dise\u00f1o que desees, haciendo de cada pieza un recuerdo \u00fanico y significativo.<\/p>\n<p data-sourcepos=\"15:1-15:216\">Para realzar su presentaci\u00f3n, hemos incorporado detalles en acr\u00edlico plateado tipo espejo, que aportan un brillo sutil y elegante, capturando la luz y atrayendo la atenci\u00f3n hacia los elementos importantes del dise\u00f1o.<\/p>\n<p data-sourcepos=\"17:1-17:192\">Este reconocimiento incluye una pr\u00e1ctica base de acr\u00edlico transparente, dise\u00f1ada para asegurar su estabilidad y permitir una exhibici\u00f3n destacada en cualquier escritorio, estanter\u00eda o vitrina.<\/p>\n<p data-sourcepos=\"19:1-19:320\">Con unas dimensiones de 6 pulgadas de alto por 4 pulgadas de ancho, este reconocimiento tiene el tama\u00f1o perfecto para ser apreciado sin ocupar demasiado espacio. Es ideal para premiar el desempe\u00f1o, conmemorar eventos, agradecer la dedicaci\u00f3n o simplemente celebrar momentos importantes de una manera elegante y duradera.<\/p>\n<p data-sourcepos=\"21:1-21:129\">Haz que tus reconocimientos sean verdaderamente memorables con la calidad y el dise\u00f1o \u00fanico que Jaimar Store tiene para ofrecer.<\/p>\n","protected":false},"excerpt":{"rendered":"<p>Elegante reconocimiento de acr\u00edlico de 3mm (6&#215;4&#8243;) con dise\u00f1o superior redondo, impresi\u00f3n a color personalizada y detalles plateados tipo espejo. Base para parar de acr\u00edlico incluida.<\/p>\n","protected":false},"featured_media":1476,"comment_status":"open","ping_status":"closed","template":"","meta":{"site-sidebar-layout":"default","site-content-layout":"","ast-site-content-layout":"default","site-content-style":"default","site-sidebar-style":"default","ast-global-header-display":"","ast-banner-title-visibility":"","ast-main-header-display":"","ast-hfb-above-header-display":"","ast-hfb-below-header-display":"","ast-hfb-mobile-header-display":"","site-post-title":"","ast-breadcrumbs-content":"","ast-featured-img":"","footer-sml-layout":"","ast-disable-related-posts":"","theme-transparent-header-meta":"","adv-header-id-meta":"","stick-header-meta":"","header-above-stick-meta":"","header-main-stick-meta":"","header-below-stick-meta":"","astra-migrate-meta-layouts":"default","ast-page-background-enabled":"default","ast-page-background-meta":{"desktop":{"background-color":"var(--ast-global-color-5)","background-image":"","background-repeat":"repeat","background-position":"center center","background-size":"auto","background-attachment":"scroll","background-type":"","background-media":"","overlay-type":"","overlay-color":"","overlay-opacity":"","overlay-gradient":""},"tablet":{"background-color":"","background-image":"","background-repeat":"repeat","background-position":"center center","background-size":"auto","background-attachment":"scroll","background-type":"","background-media":"","overlay-type":"","overlay-color":"","overlay-opacity":"","overlay-gradient":""},"mobile":{"background-color":"","background-image":"","background-repeat":"repeat","background-position":"center center","background-size":"auto","background-attachment":"scroll","background-type":"","background-media":"","overlay-type":"","overlay-color":"","overlay-opacity":"","overlay-gradient":""}},"ast-content-background-meta":{"desktop":{"background-color":"var(--ast-global-color-4)","background-image":"","background-repeat":"repeat","background-position":"center center","background-size":"auto","background-attachment":"scroll","background-type":"","background-media":"","overlay-type":"","overlay-color":"","overlay-opacity":"","overlay-gradient":""},"tablet":{"background-color":"var(--ast-global-color-4)","background-image":"","background-repeat":"repeat","background-position":"center center","background-size":"auto","background-attachment":"scroll","background-type":"","background-media":"","overlay-type":"","overlay-color":"","overlay-opacity":"","overlay-gradient":""},"mobile":{"background-color":"var(--ast-global-color-4)","background-image":"","background-repeat":"repeat","background-position":"center center","background-size":"auto","background-attachment":"scroll","background-type":"","background-media":"","overlay-type":"","overlay-color":"","overlay-opacity":"","overlay-gradient":""}}},"product_brand":[],"product_cat":[16,83],"product_tag":[],"class_list":{"0":"post-1478","1":"product","2":"type-product","3":"status-publish","4":"has-post-thumbnail","6":"product_cat-art-and-design","7":"product_cat-reconocimientos","8":"desktop-align-center","9":"tablet-align-left","10":"mobile-align-left","12":"first","13":"onbackorder","14":"taxable","15":"shipping-taxable","16":"purchasable","17":"product-type-simple"},"_links":{"self":[{"href":"https:\/\/jaimarstore.com\/index.php?rest_route=\/wp\/v2\/product\/1478","targetHints":{"allow":["GET"]}}],"collection":[{"href":"https:\/\/jaimarstore.com\/index.php?rest_route=\/wp\/v2\/product"}],"about":[{"href":"https:\/\/jaimarstore.com\/index.php?rest_route=\/wp\/v2\/types\/product"}],"replies":[{"embeddable":true,"href":"https:\/\/jaimarstore.com\/index.php?rest_route=%2Fwp%2Fv2%2Fcomments&post=1478"}],"wp:featuredmedia":[{"embeddable":true,"href":"https:\/\/jaimarstore.com\/index.php?rest_route=\/wp\/v2\/media\/1476"}],"wp:attachment":[{"href":"https:\/\/jaimarstore.com\/index.php?rest_route=%2Fwp%2Fv2%2Fmedia&parent=1478"}],"wp:term":[{"taxonomy":"product_brand","embeddable":true,"href":"https:\/\/jaimarstore.com\/index.php?rest_route=%2Fwp%2Fv2%2Fproduct_brand&post=1478"},{"taxonomy":"product_cat","embeddable":true,"href":"https:\/\/jaimarstore.com\/index.php?rest_route=%2Fwp%2Fv2%2Fproduct_cat&post=1478"},{"taxonomy":"product_tag","embeddable":true,"href":"https:\/\/jaimarstore.com\/index.php?rest_route=%2Fwp%2Fv2%2Fproduct_tag&post=1478"}],"curies":[{"name":"wp","href":"https:\/\/api.w.org\/{rel}","templated":true}]}}