{"id":1526,"date":"2025-09-30T20:45:01","date_gmt":"2025-10-01T01:45:01","guid":{"rendered":"https:\/\/jaimarstore.com\/?post_type=product&#038;p=1526"},"modified":"2026-02-03T22:43:23","modified_gmt":"2026-02-04T03:43:23","slug":"recordatorio-de-graduacion-de-5-5-de-alto","status":"publish","type":"product","link":"https:\/\/jaimarstore.com\/?product=recordatorio-de-graduacion-de-5-5-de-alto","title":{"rendered":"Recordatorio de Graduaci\u00f3n de Acr\u00edlico de 5.5&#8243;"},"content":{"rendered":"<p><strong>Celebra ese logro inolvidable con un recuerdo tan brillante como el futuro de tu graduado. Este elegante Recordatorio de Graduaci\u00f3n de Acr\u00edlico es el detalle perfecto para conmemorar la Promoci\u00f3n 2025 y cualquier a\u00f1o.<\/strong><\/p>\n<p><b>Caracter\u00edsticas Destacadas:<\/b><\/p>\n<ul>\n<li><b>Dise\u00f1o Personalizado:<\/b> Cuenta con una impresi\u00f3n de alta calidad de un dise\u00f1o de graduaci\u00f3n tierno y personalizable, perfecto para inmortalizar el nombre de tu graduado.<\/li>\n<li><b>Acabado de Lujo:<\/b> Los detalles de la toga y el birrete, la base y los bordes est\u00e1n elaborados en <b>acr\u00edlico dorado tipo espejo<\/b>, brindando un toque de distinci\u00f3n y reflejo que capta la luz maravillosamente.<\/li>\n<li><b>Estructura Firme:<\/b> Mide <b>5.5 pulgadas de alto<\/b> y viene con una <b>base de acr\u00edlico resistente<\/b> que le permite mantenerse de pie de forma segura sobre cualquier escritorio, estante o mesa de noche.<\/li>\n<li><b>Recuerdo Duradero:<\/b> Fabricado en acr\u00edlico de alta durabilidad, este recordatorio es un tesoro que perdurar\u00e1 por a\u00f1os, manteniendo el color y el brillo como el primer d\u00eda.<\/li>\n<\/ul>\n<p>Es el regalo ideal para los invitados a la fiesta, o un recuerdo personal que celebra con orgullo el \u00e9xito acad\u00e9mico.<\/p>\n","protected":false},"excerpt":{"rendered":"<p>Hermoso recordatorio de graduaci\u00f3n de 5.5 pulgadas de alto con impresi\u00f3n personalizada con base de acrilico para parar y detalles en acrilico tipo espejo.<\/p>\n","protected":false},"featured_media":1529,"comment_status":"open","ping_status":"closed","template":"","meta":{"site-sidebar-layout":"default","site-content-layout":"","ast-site-content-layout":"default","site-content-style":"default","site-sidebar-style":"default","ast-global-header-display":"","ast-banner-title-visibility":"","ast-main-header-display":"","ast-hfb-above-header-display":"","ast-hfb-below-header-display":"","ast-hfb-mobile-header-display":"","site-post-title":"","ast-breadcrumbs-content":"","ast-featured-img":"","footer-sml-layout":"","ast-disable-related-posts":"","theme-transparent-header-meta":"default","adv-header-id-meta":"","stick-header-meta":"","header-above-stick-meta":"","header-main-stick-meta":"","header-below-stick-meta":"","astra-migrate-meta-layouts":"set","ast-page-background-enabled":"default","ast-page-background-meta":{"desktop":{"background-color":"var(--ast-global-color-5)","background-image":"","background-repeat":"repeat","background-position":"center center","background-size":"auto","background-attachment":"scroll","background-type":"","background-media":"","overlay-type":"","overlay-color":"","overlay-opacity":"","overlay-gradient":""},"tablet":{"background-color":"","background-image":"","background-repeat":"repeat","background-position":"center center","background-size":"auto","background-attachment":"scroll","background-type":"","background-media":"","overlay-type":"","overlay-color":"","overlay-opacity":"","overlay-gradient":""},"mobile":{"background-color":"","background-image":"","background-repeat":"repeat","background-position":"center center","background-size":"auto","background-attachment":"scroll","background-type":"","background-media":"","overlay-type":"","overlay-color":"","overlay-opacity":"","overlay-gradient":""}},"ast-content-background-meta":{"desktop":{"background-color":"var(--ast-global-color-4)","background-image":"","background-repeat":"repeat","background-position":"center center","background-size":"auto","background-attachment":"scroll","background-type":"","background-media":"","overlay-type":"","overlay-color":"","overlay-opacity":"","overlay-gradient":""},"tablet":{"background-color":"var(--ast-global-color-4)","background-image":"","background-repeat":"repeat","background-position":"center center","background-size":"auto","background-attachment":"scroll","background-type":"","background-media":"","overlay-type":"","overlay-color":"","overlay-opacity":"","overlay-gradient":""},"mobile":{"background-color":"var(--ast-global-color-4)","background-image":"","background-repeat":"repeat","background-position":"center center","background-size":"auto","background-attachment":"scroll","background-type":"","background-media":"","overlay-type":"","overlay-color":"","overlay-opacity":"","overlay-gradient":""}}},"product_brand":[],"product_cat":[16,50],"product_tag":[144,142,67],"class_list":{"0":"post-1526","1":"product","2":"type-product","3":"status-publish","4":"has-post-thumbnail","6":"product_cat-art-and-design","7":"product_cat-graduacion","8":"product_tag-graduacion","9":"product_tag-panama","10":"product_tag-recordatorio-de-graduacion","11":"desktop-align-center","12":"tablet-align-left","13":"mobile-align-left","15":"first","16":"onbackorder","17":"purchasable","18":"product-type-simple"},"_links":{"self":[{"href":"https:\/\/jaimarstore.com\/index.php?rest_route=\/wp\/v2\/product\/1526","targetHints":{"allow":["GET"]}}],"collection":[{"href":"https:\/\/jaimarstore.com\/index.php?rest_route=\/wp\/v2\/product"}],"about":[{"href":"https:\/\/jaimarstore.com\/index.php?rest_route=\/wp\/v2\/types\/product"}],"replies":[{"embeddable":true,"href":"https:\/\/jaimarstore.com\/index.php?rest_route=%2Fwp%2Fv2%2Fcomments&post=1526"}],"wp:featuredmedia":[{"embeddable":true,"href":"https:\/\/jaimarstore.com\/index.php?rest_route=\/wp\/v2\/media\/1529"}],"wp:attachment":[{"href":"https:\/\/jaimarstore.com\/index.php?rest_route=%2Fwp%2Fv2%2Fmedia&parent=1526"}],"wp:term":[{"taxonomy":"product_brand","embeddable":true,"href":"https:\/\/jaimarstore.com\/index.php?rest_route=%2Fwp%2Fv2%2Fproduct_brand&post=1526"},{"taxonomy":"product_cat","embeddable":true,"href":"https:\/\/jaimarstore.com\/index.php?rest_route=%2Fwp%2Fv2%2Fproduct_cat&post=1526"},{"taxonomy":"product_tag","embeddable":true,"href":"https:\/\/jaimarstore.com\/index.php?rest_route=%2Fwp%2Fv2%2Fproduct_tag&post=1526"}],"curies":[{"name":"wp","href":"https:\/\/api.w.org\/{rel}","templated":true}]}}