{"id":1530,"date":"2025-09-30T21:15:03","date_gmt":"2025-10-01T02:15:03","guid":{"rendered":"https:\/\/jaimarstore.com\/?post_type=product&#038;p=1530"},"modified":"2026-02-03T22:42:12","modified_gmt":"2026-02-04T03:42:12","slug":"elegante-recordatorio-de-graduacion-de-acrilico-transparente","status":"publish","type":"product","link":"https:\/\/jaimarstore.com\/?product=elegante-recordatorio-de-graduacion-de-acrilico-transparente","title":{"rendered":"Elegante Recordatorio de Graduaci\u00f3n de Acr\u00edlico Transparente de 5.5&#8243; de alto"},"content":{"rendered":"<div class=\"ng-tns-c401009581-65\">\n<section id=\"processing-state-4\" class=\"processing-state_container ng-tns-c401009581-65 is-gpi-avatar ng-trigger ng-trigger-processingStateShowHide ng-star-inserted is-done-processing\">\n<div id=\"processing-state-4-summary\" class=\"processing-state_details ng-trigger ng-trigger-menuExpansion ng-tns-c401009581-65 is-gpi-avatar ng-star-inserted\" aria-hidden=\"true\">\n<p>&nbsp;<\/p>\n<\/div>\n<\/section>\n<\/div>\n<div class=\"response-content ng-tns-c259421772-64\">\n<div id=\"model-response-message-contentr_bacbed3fb24feb22\" class=\"markdown markdown-main-panel stronger enable-updated-hr-color\" dir=\"ltr\">\n<p><strong>Conmemora un logro especial con este sofisticado Recordatorio de Graduaci\u00f3n de Acr\u00edlico Transparente. Su dise\u00f1o cristalino y detalles de lujo lo convierten en el recuerdo perfecto y duradero de la Promoci\u00f3n 2025 o el a\u00f1o que elijas.<\/strong><\/p>\n<p><b>Caracter\u00edsticas que lo hacen \u00fanico:<\/b><\/p>\n<ul>\n<li><b>Acabado Cristalino:<\/b> Fabricado en <b>acr\u00edlico totalmente transparente<\/b>, imita la elegancia del cristal. Su dise\u00f1o curvo superior y bordes dorados enmarcan perfectamente la imagen.<\/li>\n<li><b>Doble Personalizaci\u00f3n:<\/b> Combina la <b>impresi\u00f3n a todo color<\/b> del personaje de graduaci\u00f3n con el <b>grabado l\u00e1ser personalizado<\/b> de alta precisi\u00f3n para el nombre y los detalles de la escuela y promoci\u00f3n.<\/li>\n<li><b>Toque de Lujo:<\/b> Cuenta con acentos en <b>acr\u00edlico dorado tipo espejo<\/b> para el birrete superior y la base. Estos detalles reflejan la luz y a\u00f1aden un toque <i>premium<\/i> que lo hace destacar.<\/li>\n<li><b>Tama\u00f1o Ideal:<\/b> Mide <b>5 pulgadas de alto<\/b>, perfecto para exhibirse discretamente en un escritorio, repisa o mesa de noche. Incluye una <b>base de acr\u00edlico<\/b> que garantiza su estabilidad.<\/li>\n<\/ul>\n<p>Este recordatorio es un tesoro elegante que celebra el esfuerzo y el \u00e9xito acad\u00e9mico. \u00a1Ideal como regalo para el graduado o como detalle conmemorativo para invitados!<\/p>\n<\/div>\n<\/div>\n","protected":false},"excerpt":{"rendered":"<p>Hermoso recordatorio de graduaci\u00f3n de 5.5 pulgadas de alto con grabado e impresi\u00f3n personalizada con base de acrilico para parar y detalles en acrilico tipo espejo.<\/p>\n","protected":false},"featured_media":1531,"comment_status":"open","ping_status":"closed","template":"","meta":{"site-sidebar-layout":"default","site-content-layout":"","ast-site-content-layout":"default","site-content-style":"default","site-sidebar-style":"default","ast-global-header-display":"","ast-banner-title-visibility":"","ast-main-header-display":"","ast-hfb-above-header-display":"","ast-hfb-below-header-display":"","ast-hfb-mobile-header-display":"","site-post-title":"","ast-breadcrumbs-content":"","ast-featured-img":"","footer-sml-layout":"","ast-disable-related-posts":"","theme-transparent-header-meta":"default","adv-header-id-meta":"","stick-header-meta":"","header-above-stick-meta":"","header-main-stick-meta":"","header-below-stick-meta":"","astra-migrate-meta-layouts":"set","ast-page-background-enabled":"default","ast-page-background-meta":{"desktop":{"background-color":"var(--ast-global-color-5)","background-image":"","background-repeat":"repeat","background-position":"center center","background-size":"auto","background-attachment":"scroll","background-type":"","background-media":"","overlay-type":"","overlay-color":"","overlay-opacity":"","overlay-gradient":""},"tablet":{"background-color":"","background-image":"","background-repeat":"repeat","background-position":"center center","background-size":"auto","background-attachment":"scroll","background-type":"","background-media":"","overlay-type":"","overlay-color":"","overlay-opacity":"","overlay-gradient":""},"mobile":{"background-color":"","background-image":"","background-repeat":"repeat","background-position":"center center","background-size":"auto","background-attachment":"scroll","background-type":"","background-media":"","overlay-type":"","overlay-color":"","overlay-opacity":"","overlay-gradient":""}},"ast-content-background-meta":{"desktop":{"background-color":"var(--ast-global-color-4)","background-image":"","background-repeat":"repeat","background-position":"center center","background-size":"auto","background-attachment":"scroll","background-type":"","background-media":"","overlay-type":"","overlay-color":"","overlay-opacity":"","overlay-gradient":""},"tablet":{"background-color":"var(--ast-global-color-4)","background-image":"","background-repeat":"repeat","background-position":"center center","background-size":"auto","background-attachment":"scroll","background-type":"","background-media":"","overlay-type":"","overlay-color":"","overlay-opacity":"","overlay-gradient":""},"mobile":{"background-color":"var(--ast-global-color-4)","background-image":"","background-repeat":"repeat","background-position":"center center","background-size":"auto","background-attachment":"scroll","background-type":"","background-media":"","overlay-type":"","overlay-color":"","overlay-opacity":"","overlay-gradient":""}}},"product_brand":[],"product_cat":[16],"product_tag":[],"class_list":{"0":"post-1530","1":"product","2":"type-product","3":"status-publish","4":"has-post-thumbnail","6":"product_cat-art-and-design","7":"desktop-align-center","8":"tablet-align-left","9":"mobile-align-left","11":"first","12":"onbackorder","13":"taxable","14":"shipping-taxable","15":"purchasable","16":"product-type-simple"},"_links":{"self":[{"href":"https:\/\/jaimarstore.com\/index.php?rest_route=\/wp\/v2\/product\/1530","targetHints":{"allow":["GET"]}}],"collection":[{"href":"https:\/\/jaimarstore.com\/index.php?rest_route=\/wp\/v2\/product"}],"about":[{"href":"https:\/\/jaimarstore.com\/index.php?rest_route=\/wp\/v2\/types\/product"}],"replies":[{"embeddable":true,"href":"https:\/\/jaimarstore.com\/index.php?rest_route=%2Fwp%2Fv2%2Fcomments&post=1530"}],"wp:featuredmedia":[{"embeddable":true,"href":"https:\/\/jaimarstore.com\/index.php?rest_route=\/wp\/v2\/media\/1531"}],"wp:attachment":[{"href":"https:\/\/jaimarstore.com\/index.php?rest_route=%2Fwp%2Fv2%2Fmedia&parent=1530"}],"wp:term":[{"taxonomy":"product_brand","embeddable":true,"href":"https:\/\/jaimarstore.com\/index.php?rest_route=%2Fwp%2Fv2%2Fproduct_brand&post=1530"},{"taxonomy":"product_cat","embeddable":true,"href":"https:\/\/jaimarstore.com\/index.php?rest_route=%2Fwp%2Fv2%2Fproduct_cat&post=1530"},{"taxonomy":"product_tag","embeddable":true,"href":"https:\/\/jaimarstore.com\/index.php?rest_route=%2Fwp%2Fv2%2Fproduct_tag&post=1530"}],"curies":[{"name":"wp","href":"https:\/\/api.w.org\/{rel}","templated":true}]}}